{"id":16129,"date":"2026-04-06T19:54:15","date_gmt":"2026-04-06T18:54:15","guid":{"rendered":"https:\/\/grillcentrum.shop\/gree\/produkt\/zestaw-meble-ogrodowe-naroznik-4-osoby-sofa-stolik-deseczki-gardenove\/"},"modified":"2026-05-10T08:32:44","modified_gmt":"2026-05-10T06:32:44","slug":"zestaw-meble-ogrodowe-naroznik-4-osoby-sofa-stolik-deseczki-gardenove","status":"publish","type":"product","link":"https:\/\/lunzavo.shop\/grill\/produkt\/zestaw-meble-ogrodowe-naroznik-4-osoby-sofa-stolik-deseczki-gardenove\/","title":{"rendered":"ZESTAW MEBLE OGRODOWE NARO\u017bNIK 4 OSOBY, SOFA STOLIK, DESECZKI &#8211; GARDENOVE"},"content":{"rendered":"<div style=\"font-family: Arial, sans-serif; line-height: 1.6; color: #333; padding: 20px; clear: both; display: block; width: 100%; float: none; position: static; overflow: hidden;\">\n<div style=\"clear: both; display: block; margin: 10px 0;\">\n<div style=\"clear: both; display: block; margin: 10px 0;\">\n<div style=\"clear: both; display: block; margin: 10px 0;\">\n<div  style=\"max-width:1536px;max-height:1024px\">\n<div style=\"clear: both; display: block; margin: 10px 0;\">\n<div style=\"clear: both; width: 100%; display: block; margin: 20px 0; padding: 0; float: none; position: static; text-align: center;\"><img decoding=\"async\"  src=\"https:\/\/a.allegroimg.com\/original\/11ff1c\/939369024ce2bee6c4305ecb721f\/ZESTAW-MEBLE-OGRODOWE-NAROZNIK-4-OSOBY-SOFA-STOLIK-DESECZKI-GARDENOVE-Kolor-szary\" srcset=\"https:\/\/a.allegroimg.com\/original\/11ff1c\/939369024ce2bee6c4305ecb721f\/ZESTAW-MEBLE-OGRODOWE-NAROZNIK-4-OSOBY-SOFA-STOLIK-DESECZKI-GARDENOVE-Kolor-szary 360w,https:\/\/a.allegroimg.com\/original\/11ff1c\/939369024ce2bee6c4305ecb721f\/ZESTAW-MEBLE-OGRODOWE-NAROZNIK-4-OSOBY-SOFA-STOLIK-DESECZKI-GARDENOVE-Kolor-szary 720w,https:\/\/a.allegroimg.com\/original\/11ff1c\/939369024ce2bee6c4305ecb721f\/ZESTAW-MEBLE-OGRODOWE-NAROZNIK-4-OSOBY-SOFA-STOLIK-DESECZKI-GARDENOVE-Kolor-szary 1024w,https:\/\/a.allegroimg.com\/original\/11ff1c\/939369024ce2bee6c4305ecb721f\/ZESTAW-MEBLE-OGRODOWE-NAROZNIK-4-OSOBY-SOFA-STOLIK-DESECZKI-GARDENOVE-Kolor-szary 1440w,https:\/\/a.allegroimg.com\/original\/11ff1c\/939369024ce2bee6c4305ecb721f\/ZESTAW-MEBLE-OGRODOWE-NAROZNIK-4-OSOBY-SOFA-STOLIK-DESECZKI-GARDENOVE-Kolor-szary 1536w\" sizes=\"100vw\" width=\"1536px\" alt=\"ZESTAW MEBLE OGRODOWE NARO\u017bNIK 4 OSOBY, SOFA STOLIK, DESECZKI - GARDENOVE Kolor szary\" style=\"max-width: 100%; height: auto; display: block; margin: 0 auto;\"><\/div>\n<\/div>\n<\/div>\n<\/div>\n<\/div>\n<\/div>\n<div style=\"clear: both; display: block; margin: 10px 0;\">\n<div style=\"clear: both; display: block; margin: 10px 0;\">\n<div style=\"clear: both; display: block; margin: 10px 0;\">\n<p style=\"margin: 15px 0; line-height: 1.8; clear: both; display: block; width: 100%; float: none; position: static;\">Zestaw mebli ogrodowych SR100B&nbsp; &#8211; marki GARDENOVE<\/p>\n<p style=\"margin: 15px 0; line-height: 1.8; clear: both; display: block; width: 100%; float: none; position: static;\">Kolor deseczek&nbsp; &#8211; <b>jasny br\u0105z<\/b><\/p>\n<p style=\"margin: 15px 0; line-height: 1.8; clear: both; display: block; width: 100%; float: none; position: static;\">Kolor poduszek &#8211; <b>ciemno<\/b> <b>szary<\/b><\/p>\n<p style=\"margin: 15px 0; line-height: 1.8; clear: both; display: block; width: 100%; float: none; position: static;\">W zestawie: sofa w formie naro\u017cnika 2 elementy i stolik.<\/p>\n<p style=\"margin: 15px 0; line-height: 1.8; clear: both; display: block; width: 100%; float: none; position: static;\">Dwie mo\u017cliwo\u015bci ustawienia zestawu &#8211; lewy\/prawy naro\u017cnik<\/p>\n<p style=\"margin: 15px 0; line-height: 1.8; clear: both; display: block; width: 100%; float: none; position: static;\">Konstrukcja zestawu : stalowa<\/p>\n<p style=\"margin: 15px 0; line-height: 1.8; clear: both; display: block; width: 100%; float: none; position: static;\">Imitacja drewna &#8211; polywood<\/p>\n<\/div>\n<\/div>\n<div style=\"clear: both; display: block; margin: 10px 0;\">\n<div style=\"clear: both; display: block; margin: 10px 0;\">\n<div  style=\"max-width:1559px;max-height:1559px\">\n<div style=\"clear: both; display: block; margin: 10px 0;\">\n<div style=\"clear: both; width: 100%; display: block; margin: 20px 0; padding: 0; float: none; position: static; text-align: center;\"><img decoding=\"async\"  src=\"https:\/\/a.allegroimg.com\/original\/11d337\/286ea6144cd7b840eda5b1496a0b\" srcset=\"https:\/\/a.allegroimg.com\/original\/11d337\/286ea6144cd7b840eda5b1496a0b 360w,https:\/\/a.allegroimg.com\/original\/11d337\/286ea6144cd7b840eda5b1496a0b 720w,https:\/\/a.allegroimg.com\/original\/11d337\/286ea6144cd7b840eda5b1496a0b 1023w,https:\/\/a.allegroimg.com\/original\/11d337\/286ea6144cd7b840eda5b1496a0b 1440w,https:\/\/a.allegroimg.com\/original\/11d337\/286ea6144cd7b840eda5b1496a0b 1559w\" sizes=\"(min-width: 1200px) 560px, (min-width: 992px) 50vw, 100vw\" width=\"1559px\" alt=\"\" style=\"max-width: 100%; height: auto; display: block; margin: 0 auto;\"><\/div>\n<\/div>\n<\/div>\n<\/div>\n<\/div>\n<\/div>\n<div style=\"clear: both; display: block; margin: 10px 0;\">\n<div style=\"clear: both; display: block; margin: 10px 0;\">\n<div style=\"clear: both; display: block; margin: 10px 0;\">\n<div  style=\"max-width:1418px;max-height:733px\">\n<div style=\"clear: both; display: block; margin: 10px 0;\">\n<div style=\"clear: both; width: 100%; display: block; margin: 20px 0; padding: 0; float: none; position: static; text-align: center;\"><img decoding=\"async\"  src=\"https:\/\/a.allegroimg.com\/original\/1196d7\/9b3318e942eda735a7722c629b99\/ZESTAW-MEBLE-OGRODOWE-NAROZNIK-4-OSOBY-SOFA-STOLIK-DESECZKI-GARDENOVE\" srcset=\"https:\/\/a.allegroimg.com\/original\/1196d7\/9b3318e942eda735a7722c629b99\/ZESTAW-MEBLE-OGRODOWE-NAROZNIK-4-OSOBY-SOFA-STOLIK-DESECZKI-GARDENOVE 360w,https:\/\/a.allegroimg.com\/original\/1196d7\/9b3318e942eda735a7722c629b99\/ZESTAW-MEBLE-OGRODOWE-NAROZNIK-4-OSOBY-SOFA-STOLIK-DESECZKI-GARDENOVE 720w,https:\/\/a.allegroimg.com\/original\/1196d7\/9b3318e942eda735a7722c629b99\/ZESTAW-MEBLE-OGRODOWE-NAROZNIK-4-OSOBY-SOFA-STOLIK-DESECZKI-GARDENOVE 1024w,https:\/\/a.allegroimg.com\/original\/1196d7\/9b3318e942eda735a7722c629b99\/ZESTAW-MEBLE-OGRODOWE-NAROZNIK-4-OSOBY-SOFA-STOLIK-DESECZKI-GARDENOVE 1418w,https:\/\/a.allegroimg.com\/original\/1196d7\/9b3318e942eda735a7722c629b99\/ZESTAW-MEBLE-OGRODOWE-NAROZNIK-4-OSOBY-SOFA-STOLIK-DESECZKI-GARDENOVE 1418w\" sizes=\"(min-width: 1200px) 560px, (min-width: 992px) 50vw, 100vw\" width=\"1418px\" alt=\"ZESTAW MEBLE OGRODOWE NARO\u017bNIK 4 OSOBY, SOFA STOLIK, DESECZKI - GARDENOVE\" style=\"max-width: 100%; height: auto; display: block; margin: 0 auto;\"><\/div>\n<\/div>\n<\/div>\n<\/div>\n<\/div>\n<div style=\"clear: both; display: block; margin: 10px 0;\">\n<div style=\"clear: both; display: block; margin: 10px 0;\">\n<div  style=\"max-width:1418px;max-height:733px\">\n<div style=\"clear: both; display: block; margin: 10px 0;\">\n<div style=\"clear: both; width: 100%; display: block; margin: 20px 0; padding: 0; float: none; position: static; text-align: center;\"><img decoding=\"async\"  src=\"https:\/\/a.allegroimg.com\/original\/1178af\/31183fe84e408b8599392ad118f4\/ZESTAW-MEBLE-OGRODOWE-NAROZNIK-4-OSOBY-SOFA-STOLIK-DESECZKI-GARDENOVE-Kod-producenta-SR100B\" srcset=\"https:\/\/a.allegroimg.com\/original\/1178af\/31183fe84e408b8599392ad118f4\/ZESTAW-MEBLE-OGRODOWE-NAROZNIK-4-OSOBY-SOFA-STOLIK-DESECZKI-GARDENOVE-Kod-producenta-SR100B 360w,https:\/\/a.allegroimg.com\/original\/1178af\/31183fe84e408b8599392ad118f4\/ZESTAW-MEBLE-OGRODOWE-NAROZNIK-4-OSOBY-SOFA-STOLIK-DESECZKI-GARDENOVE-Kod-producenta-SR100B 720w,https:\/\/a.allegroimg.com\/original\/1178af\/31183fe84e408b8599392ad118f4\/ZESTAW-MEBLE-OGRODOWE-NAROZNIK-4-OSOBY-SOFA-STOLIK-DESECZKI-GARDENOVE-Kod-producenta-SR100B 1024w,https:\/\/a.allegroimg.com\/original\/1178af\/31183fe84e408b8599392ad118f4\/ZESTAW-MEBLE-OGRODOWE-NAROZNIK-4-OSOBY-SOFA-STOLIK-DESECZKI-GARDENOVE-Kod-producenta-SR100B 1418w,https:\/\/a.allegroimg.com\/original\/1178af\/31183fe84e408b8599392ad118f4\/ZESTAW-MEBLE-OGRODOWE-NAROZNIK-4-OSOBY-SOFA-STOLIK-DESECZKI-GARDENOVE-Kod-producenta-SR100B 1418w\" sizes=\"(min-width: 1200px) 560px, (min-width: 992px) 50vw, 100vw\" width=\"1418px\" alt=\"ZESTAW MEBLE OGRODOWE NARO\u017bNIK 4 OSOBY, SOFA STOLIK, DESECZKI - GARDENOVE Kod producenta SR100B\" style=\"max-width: 100%; height: auto; display: block; margin: 0 auto;\"><\/div>\n<\/div>\n<\/div>\n<\/div>\n<\/div>\n<\/div>\n<div style=\"clear: both; display: block; margin: 10px 0;\">\n<div style=\"clear: both; display: block; margin: 10px 0;\">\n<div style=\"clear: both; display: block; margin: 10px 0;\">\n<div  style=\"max-width:1536px;max-height:1024px\">\n<div style=\"clear: both; display: block; margin: 10px 0;\">\n<div style=\"clear: both; width: 100%; display: block; margin: 20px 0; padding: 0; float: none; position: static; text-align: center;\"><img decoding=\"async\"  src=\"https:\/\/a.allegroimg.com\/original\/1140ba\/c9c6e8f94312955ba9cb63e81037\/ZESTAW-MEBLE-OGRODOWE-NAROZNIK-4-OSOBY-SOFA-STOLIK-DESECZKI-GARDENOVE-Material-dominujacy-tworzywo-sztuczne\" srcset=\"https:\/\/a.allegroimg.com\/original\/1140ba\/c9c6e8f94312955ba9cb63e81037\/ZESTAW-MEBLE-OGRODOWE-NAROZNIK-4-OSOBY-SOFA-STOLIK-DESECZKI-GARDENOVE-Material-dominujacy-tworzywo-sztuczne 360w,https:\/\/a.allegroimg.com\/original\/1140ba\/c9c6e8f94312955ba9cb63e81037\/ZESTAW-MEBLE-OGRODOWE-NAROZNIK-4-OSOBY-SOFA-STOLIK-DESECZKI-GARDENOVE-Material-dominujacy-tworzywo-sztuczne 720w,https:\/\/a.allegroimg.com\/original\/1140ba\/c9c6e8f94312955ba9cb63e81037\/ZESTAW-MEBLE-OGRODOWE-NAROZNIK-4-OSOBY-SOFA-STOLIK-DESECZKI-GARDENOVE-Material-dominujacy-tworzywo-sztuczne 1024w,https:\/\/a.allegroimg.com\/original\/1140ba\/c9c6e8f94312955ba9cb63e81037\/ZESTAW-MEBLE-OGRODOWE-NAROZNIK-4-OSOBY-SOFA-STOLIK-DESECZKI-GARDENOVE-Material-dominujacy-tworzywo-sztuczne 1440w,https:\/\/a.allegroimg.com\/original\/1140ba\/c9c6e8f94312955ba9cb63e81037\/ZESTAW-MEBLE-OGRODOWE-NAROZNIK-4-OSOBY-SOFA-STOLIK-DESECZKI-GARDENOVE-Material-dominujacy-tworzywo-sztuczne 1536w\" sizes=\"(min-width: 1200px) 560px, (min-width: 992px) 50vw, 100vw\" width=\"1536px\" alt=\"ZESTAW MEBLE OGRODOWE NARO\u017bNIK 4 OSOBY, SOFA STOLIK, DESECZKI - GARDENOVE Materia\u0142 dominuj\u0105cy tworzywo sztuczne\" style=\"max-width: 100%; height: auto; display: block; margin: 0 auto;\"><\/div>\n<\/div>\n<\/div>\n<\/div>\n<\/div>\n<div style=\"clear: both; display: block; margin: 10px 0;\">\n<div style=\"clear: both; display: block; margin: 10px 0;\">\n<p style=\"margin: 15px 0; line-height: 1.8; clear: both; display: block; width: 100%; float: none; position: static;\">Idealnie prezentuje si\u0119 na tarasie &#8211; jak i na trawniku. Stolik z blatem z polywood. &nbsp;W zestawie 2 poduszki na siedziska i 5 poduszek na oparcia.<\/p>\n<\/div>\n<\/div>\n<\/div>\n<div style=\"clear: both; display: block; margin: 10px 0;\">\n<div style=\"clear: both; display: block; margin: 10px 0;\">\n<div style=\"clear: both; display: block; margin: 10px 0;\">\n<p style=\"margin: 15px 0; line-height: 1.8; clear: both; display: block; width: 100%; float: none; position: static;\">Wymiary:<\/p>\n<p style=\"margin: 15px 0; line-height: 1.8; clear: both; display: block; width: 100%; float: none; position: static;\">Ca\u0142kowite 230x160cm lub 160x230cm ( + 7cm odchylone oparcie)<\/p>\n<p style=\"margin: 15px 0; line-height: 1.8; clear: both; display: block; width: 100%; float: none; position: static;\">siedzisko sofa 130x70cm x2szt<\/p>\n<p style=\"margin: 15px 0; line-height: 1.8; clear: both; display: block; width: 100%; float: none; position: static;\">wysoko\u015b\u0107 siedziska ( z poduchami ) 40cm<\/p>\n<p style=\"margin: 15px 0; line-height: 1.8; clear: both; display: block; width: 100%; float: none; position: static;\">boczne stoliki przy sofie 30&#215;70<\/p>\n<p style=\"margin: 15px 0; line-height: 1.8; clear: both; display: block; width: 100%; float: none; position: static;\">stolik 70x70x43cm<\/p>\n<p style=\"margin: 15px 0; line-height: 1.8; clear: both; display: block; width: 100%; float: none; position: static;\">poduchy na siedziskach &#8211; grubo\u015b\u0107 8cm<\/p>\n<p style=\"margin: 15px 0; line-height: 1.8; clear: both; display: block; width: 100%; float: none; position: static;\">Komplet na palecie. Do samodzielnego z\u0142o\u017cenia.<\/p>\n<\/div>\n<\/div>\n<\/div>\n<div style=\"clear: both; display: block; margin: 10px 0;\">\n<div style=\"clear: both; display: block; margin: 10px 0;\">\n<div style=\"clear: both; display: block; margin: 10px 0;\">\n<div  style=\"max-width:2560px;max-height:1719px\">\n<div style=\"clear: both; display: block; margin: 10px 0;\">\n<div style=\"clear: both; width: 100%; display: block; margin: 20px 0; padding: 0; float: none; position: static; text-align: center;\"><img decoding=\"async\"  src=\"https:\/\/a.allegroimg.com\/original\/112f34\/d6ff79a74451afcddcb4889761c2\/ZESTAW-MEBLE-OGRODOWE-NAROZNIK-4-OSOBY-SOFA-STOLIK-DESECZKI-GARDENOVE-EAN-GTIN-5903981600922\" srcset=\"https:\/\/a.allegroimg.com\/original\/112f34\/d6ff79a74451afcddcb4889761c2\/ZESTAW-MEBLE-OGRODOWE-NAROZNIK-4-OSOBY-SOFA-STOLIK-DESECZKI-GARDENOVE-EAN-GTIN-5903981600922 360w,https:\/\/a.allegroimg.com\/original\/112f34\/d6ff79a74451afcddcb4889761c2\/ZESTAW-MEBLE-OGRODOWE-NAROZNIK-4-OSOBY-SOFA-STOLIK-DESECZKI-GARDENOVE-EAN-GTIN-5903981600922 720w,https:\/\/a.allegroimg.com\/original\/112f34\/d6ff79a74451afcddcb4889761c2\/ZESTAW-MEBLE-OGRODOWE-NAROZNIK-4-OSOBY-SOFA-STOLIK-DESECZKI-GARDENOVE-EAN-GTIN-5903981600922 1024w,https:\/\/a.allegroimg.com\/original\/112f34\/d6ff79a74451afcddcb4889761c2\/ZESTAW-MEBLE-OGRODOWE-NAROZNIK-4-OSOBY-SOFA-STOLIK-DESECZKI-GARDENOVE-EAN-GTIN-5903981600922 1440w,https:\/\/a.allegroimg.com\/original\/112f34\/d6ff79a74451afcddcb4889761c2\/ZESTAW-MEBLE-OGRODOWE-NAROZNIK-4-OSOBY-SOFA-STOLIK-DESECZKI-GARDENOVE-EAN-GTIN-5903981600922 2560w\" sizes=\"(min-width: 1200px) 560px, (min-width: 992px) 50vw, 100vw\" width=\"2560px\" alt=\"ZESTAW MEBLE OGRODOWE NARO\u017bNIK 4 OSOBY, SOFA STOLIK, DESECZKI - GARDENOVE EAN (GTIN) 5903981600922\" style=\"max-width: 100%; height: auto; display: block; margin: 0 auto;\"><\/div>\n<\/div>\n<\/div>\n<\/div>\n<\/div>\n<div style=\"clear: both; display: block; margin: 10px 0;\">\n<div style=\"clear: both; display: block; margin: 10px 0;\">\n<p style=\"margin: 15px 0; line-height: 1.8; clear: both; display: block; width: 100%; float: none; position: static;\">Materia\u0142 dodatkowo impregnowany&nbsp; (woda nie wsi\u0105ka). Pokrowce zdejmowane do prania.<\/p>\n<\/div>\n<\/div>\n<\/div>\n<div style=\"clear: both; display: block; margin: 10px 0;\">\n<div style=\"clear: both; display: block; margin: 10px 0;\">\n<div style=\"clear: both; display: block; margin: 10px 0;\">\n<div  style=\"max-width:852px;max-height:1278px\">\n<div style=\"clear: both; display: block; margin: 10px 0;\">\n<div style=\"clear: both; width: 100%; display: block; margin: 20px 0; padding: 0; float: none; position: static; text-align: center;\"><img decoding=\"async\"  src=\"https:\/\/a.allegroimg.com\/original\/11156a\/f6ec4a334de2ab9ef3739666c06a\/ZESTAW-MEBLE-OGRODOWE-NAROZNIK-4-OSOBY-SOFA-STOLIK-DESECZKI-GARDENOVE-Zawartosc-zestawu-fotel-naroznik-stolik\" srcset=\"https:\/\/a.allegroimg.com\/original\/11156a\/f6ec4a334de2ab9ef3739666c06a\/ZESTAW-MEBLE-OGRODOWE-NAROZNIK-4-OSOBY-SOFA-STOLIK-DESECZKI-GARDENOVE-Zawartosc-zestawu-fotel-naroznik-stolik 240w,https:\/\/a.allegroimg.com\/original\/11156a\/f6ec4a334de2ab9ef3739666c06a\/ZESTAW-MEBLE-OGRODOWE-NAROZNIK-4-OSOBY-SOFA-STOLIK-DESECZKI-GARDENOVE-Zawartosc-zestawu-fotel-naroznik-stolik 480w,https:\/\/a.allegroimg.com\/original\/11156a\/f6ec4a334de2ab9ef3739666c06a\/ZESTAW-MEBLE-OGRODOWE-NAROZNIK-4-OSOBY-SOFA-STOLIK-DESECZKI-GARDENOVE-Zawartosc-zestawu-fotel-naroznik-stolik 682w,https:\/\/a.allegroimg.com\/original\/11156a\/f6ec4a334de2ab9ef3739666c06a\/ZESTAW-MEBLE-OGRODOWE-NAROZNIK-4-OSOBY-SOFA-STOLIK-DESECZKI-GARDENOVE-Zawartosc-zestawu-fotel-naroznik-stolik 852w,https:\/\/a.allegroimg.com\/original\/11156a\/f6ec4a334de2ab9ef3739666c06a\/ZESTAW-MEBLE-OGRODOWE-NAROZNIK-4-OSOBY-SOFA-STOLIK-DESECZKI-GARDENOVE-Zawartosc-zestawu-fotel-naroznik-stolik 852w\" sizes=\"(min-width: 1200px) 560px, (min-width: 992px) 50vw, 100vw\" width=\"852px\" alt=\"ZESTAW MEBLE OGRODOWE NARO\u017bNIK 4 OSOBY, SOFA STOLIK, DESECZKI - GARDENOVE Zawarto\u015b\u0107 zestawu fotel naro\u017cnik stolik\" style=\"max-width: 100%; height: auto; display: block; margin: 0 auto;\"><\/div>\n<\/div>\n<\/div>\n<\/div>\n<\/div>\n<div style=\"clear: both; display: block; margin: 10px 0;\">\n<div style=\"clear: both; display: block; margin: 10px 0;\">\n<div  style=\"max-width:1974px;max-height:1476px\">\n<div style=\"clear: both; display: block; margin: 10px 0;\">\n<div style=\"clear: both; width: 100%; display: block; margin: 20px 0; padding: 0; float: none; position: static; text-align: center;\"><img decoding=\"async\"  src=\"https:\/\/a.allegroimg.com\/original\/11d9c3\/2366d0aa47f2ad7568417cc0b374\/ZESTAW-MEBLE-OGRODOWE-NAROZNIK-4-OSOBY-SOFA-STOLIK-DESECZKI-GARDENOVE-Przeznaczenie-komplet-wypoczynkowy\" srcset=\"https:\/\/a.allegroimg.com\/original\/11d9c3\/2366d0aa47f2ad7568417cc0b374\/ZESTAW-MEBLE-OGRODOWE-NAROZNIK-4-OSOBY-SOFA-STOLIK-DESECZKI-GARDENOVE-Przeznaczenie-komplet-wypoczynkowy 360w,https:\/\/a.allegroimg.com\/original\/11d9c3\/2366d0aa47f2ad7568417cc0b374\/ZESTAW-MEBLE-OGRODOWE-NAROZNIK-4-OSOBY-SOFA-STOLIK-DESECZKI-GARDENOVE-Przeznaczenie-komplet-wypoczynkowy 720w,https:\/\/a.allegroimg.com\/original\/11d9c3\/2366d0aa47f2ad7568417cc0b374\/ZESTAW-MEBLE-OGRODOWE-NAROZNIK-4-OSOBY-SOFA-STOLIK-DESECZKI-GARDENOVE-Przeznaczenie-komplet-wypoczynkowy 1024w,https:\/\/a.allegroimg.com\/original\/11d9c3\/2366d0aa47f2ad7568417cc0b374\/ZESTAW-MEBLE-OGRODOWE-NAROZNIK-4-OSOBY-SOFA-STOLIK-DESECZKI-GARDENOVE-Przeznaczenie-komplet-wypoczynkowy 1440w,https:\/\/a.allegroimg.com\/original\/11d9c3\/2366d0aa47f2ad7568417cc0b374\/ZESTAW-MEBLE-OGRODOWE-NAROZNIK-4-OSOBY-SOFA-STOLIK-DESECZKI-GARDENOVE-Przeznaczenie-komplet-wypoczynkowy 1974w\" sizes=\"(min-width: 1200px) 560px, (min-width: 992px) 50vw, 100vw\" width=\"1974px\" alt=\"ZESTAW MEBLE OGRODOWE NARO\u017bNIK 4 OSOBY, SOFA STOLIK, DESECZKI - GARDENOVE Przeznaczenie komplet wypoczynkowy\" style=\"max-width: 100%; height: auto; display: block; margin: 0 auto;\"><\/div>\n<\/div>\n<\/div>\n<\/div>\n<\/div>\n<\/div>\n<div style=\"clear: both; display: block; margin: 10px 0;\">\n<div style=\"clear: both; display: block; margin: 10px 0;\">\n<div style=\"clear: both; display: block; margin: 10px 0;\">\n<div  style=\"max-width:1536px;max-height:1024px\">\n<div style=\"clear: both; display: block; margin: 10px 0;\">\n<div style=\"clear: both; width: 100%; display: block; margin: 20px 0; padding: 0; float: none; position: static; text-align: center;\"><img decoding=\"async\"  src=\"https:\/\/a.allegroimg.com\/original\/11a18b\/ab5232004d2bbb73e6998425f5c4\/ZESTAW-MEBLE-OGRODOWE-NAROZNIK-4-OSOBY-SOFA-STOLIK-DESECZKI-GARDENOVE-Producent-GARDENOVE\" srcset=\"https:\/\/a.allegroimg.com\/original\/11a18b\/ab5232004d2bbb73e6998425f5c4\/ZESTAW-MEBLE-OGRODOWE-NAROZNIK-4-OSOBY-SOFA-STOLIK-DESECZKI-GARDENOVE-Producent-GARDENOVE 360w,https:\/\/a.allegroimg.com\/original\/11a18b\/ab5232004d2bbb73e6998425f5c4\/ZESTAW-MEBLE-OGRODOWE-NAROZNIK-4-OSOBY-SOFA-STOLIK-DESECZKI-GARDENOVE-Producent-GARDENOVE 720w,https:\/\/a.allegroimg.com\/original\/11a18b\/ab5232004d2bbb73e6998425f5c4\/ZESTAW-MEBLE-OGRODOWE-NAROZNIK-4-OSOBY-SOFA-STOLIK-DESECZKI-GARDENOVE-Producent-GARDENOVE 1024w,https:\/\/a.allegroimg.com\/original\/11a18b\/ab5232004d2bbb73e6998425f5c4\/ZESTAW-MEBLE-OGRODOWE-NAROZNIK-4-OSOBY-SOFA-STOLIK-DESECZKI-GARDENOVE-Producent-GARDENOVE 1440w,https:\/\/a.allegroimg.com\/original\/11a18b\/ab5232004d2bbb73e6998425f5c4\/ZESTAW-MEBLE-OGRODOWE-NAROZNIK-4-OSOBY-SOFA-STOLIK-DESECZKI-GARDENOVE-Producent-GARDENOVE 1536w\" sizes=\"100vw\" width=\"1536px\" alt=\"ZESTAW MEBLE OGRODOWE NARO\u017bNIK 4 OSOBY, SOFA STOLIK, DESECZKI - GARDENOVE Producent GARDENOVE\" style=\"max-width: 100%; height: auto; display: block; margin: 0 auto;\"><\/div>\n<\/div>\n<\/div>\n<\/div>\n<\/div>\n<\/div>\n<\/div>\n<\/div>\n<\/div>\n<div style=\"clear: both; display: block; margin: 10px 0;\">\n","protected":false},"excerpt":{"rendered":"<p>Zestaw mebli ogrodowych SR100B&nbsp; &#8211; marki GARDENOVE<\/p>\n<p>Kolor deseczek&nbsp; &#8211; jasny br\u0105z<\/p>\n<p>Kolor poduszek &#8211; ciemno szary<\/p>\n<p>W zestawie: sofa w formie naro\u017cnika 2 elementy i stolik.<\/p>\n<p>Dwie mo\u017cliwo\u015bci ustawienia zestawu &#8211; lewy\/prawy naro\u017cnik<\/p>\n<p>Konstrukcja zestawu : stalowa<\/p>\n<p>Imitacja drewna &#8211; polywood<\/p>\n<p>Idealnie prezentuje si\u0119 na tarasie &#8211; jak i na trawniku. Stolik z blatem z polywood. &nbsp;W zestawie 2 poduszki na siedziska i 5 poduszek na oparcia.<\/p>\n","protected":false},"featured_media":16130,"template":"","meta":{"_uag_custom_page_level_css":""},"product_brand":[977],"product_cat":[532,542,541],"product_tag":[],"class_list":{"0":"post-16129","1":"product","2":"type-product","3":"status-publish","4":"has-post-thumbnail","6":"product_brand-gardenove","7":"product_cat-komplety-mebli","8":"product_cat-meble-ogrodowe","9":"product_cat-ogrod","11":"first","12":"instock","13":"sale","14":"shipping-taxable","15":"purchasable","16":"product-type-simple"},"uagb_featured_image_src":{"full":["https:\/\/lunzavo.shop\/grill\/wp-content\/uploads\/2026\/04\/allegro-image-16129.jpg",1418,733,false],"thumbnail":["https:\/\/lunzavo.shop\/grill\/wp-content\/uploads\/2026\/04\/allegro-image-16129-150x150.jpg",150,150,true],"medium":["https:\/\/lunzavo.shop\/grill\/wp-content\/uploads\/2026\/04\/allegro-image-16129-300x155.jpg",300,155,true],"medium_large":["https:\/\/lunzavo.shop\/grill\/wp-content\/uploads\/2026\/04\/allegro-image-16129-768x397.jpg",768,397,true],"large":["https:\/\/lunzavo.shop\/grill\/wp-content\/uploads\/2026\/04\/allegro-image-16129-1024x529.jpg",1024,529,true],"1536x1536":["https:\/\/lunzavo.shop\/grill\/wp-content\/uploads\/2026\/04\/allegro-image-16129.jpg",1418,733,false],"2048x2048":["https:\/\/lunzavo.shop\/grill\/wp-content\/uploads\/2026\/04\/allegro-image-16129.jpg",1418,733,false],"woocommerce_thumbnail":["https:\/\/lunzavo.shop\/grill\/wp-content\/uploads\/2026\/04\/allegro-image-16129-300x300.jpg",300,300,true],"woocommerce_single":["https:\/\/lunzavo.shop\/grill\/wp-content\/uploads\/2026\/04\/allegro-image-16129-600x310.jpg",600,310,true],"woocommerce_gallery_thumbnail":["https:\/\/lunzavo.shop\/grill\/wp-content\/uploads\/2026\/04\/allegro-image-16129-100x100.jpg",100,100,true]},"uagb_author_info":{"display_name":"admin","author_link":"https:\/\/lunzavo.shop\/grill\/author\/"},"uagb_comment_info":0,"uagb_excerpt":"Zestaw mebli ogrodowych SR100B&nbsp; - marki GARDENOVE Kolor deseczek&nbsp; - jasny br\u0105z Kolor poduszek - ciemno szary W zestawie: sofa w formie naro\u017cnika 2 elementy i stolik. Dwie mo\u017cliwo\u015bci ustawienia zestawu - lewy\/prawy naro\u017cnik Konstrukcja zestawu : stalowa Imitacja drewna - polywood Idealnie prezentuje si\u0119 na tarasie - jak i na trawniku. Stolik z blatem&hellip;","_links":{"self":[{"href":"https:\/\/lunzavo.shop\/grill\/wp-json\/wp\/v2\/product\/16129","targetHints":{"allow":["GET"]}}],"collection":[{"href":"https:\/\/lunzavo.shop\/grill\/wp-json\/wp\/v2\/product"}],"about":[{"href":"https:\/\/lunzavo.shop\/grill\/wp-json\/wp\/v2\/types\/product"}],"wp:featuredmedia":[{"embeddable":true,"href":"https:\/\/lunzavo.shop\/grill\/wp-json\/wp\/v2\/media\/16130"}],"wp:attachment":[{"href":"https:\/\/lunzavo.shop\/grill\/wp-json\/wp\/v2\/media?parent=16129"}],"wp:term":[{"taxonomy":"product_brand","embeddable":true,"href":"https:\/\/lunzavo.shop\/grill\/wp-json\/wp\/v2\/product_brand?post=16129"},{"taxonomy":"product_cat","embeddable":true,"href":"https:\/\/lunzavo.shop\/grill\/wp-json\/wp\/v2\/product_cat?post=16129"},{"taxonomy":"product_tag","embeddable":true,"href":"https:\/\/lunzavo.shop\/grill\/wp-json\/wp\/v2\/product_tag?post=16129"}],"curies":[{"name":"wp","href":"https:\/\/api.w.org\/{rel}","templated":true}]}}